{"id":63,"date":"2024-01-13T09:00:31","date_gmt":"2024-01-13T08:00:31","guid":{"rendered":"https:\/\/nelsonrazo.com\/nutricion\/?page_id=63"},"modified":"2024-04-27T21:53:20","modified_gmt":"2024-04-27T19:53:20","slug":"terminos-de-uso","status":"publish","type":"page","link":"https:\/\/nelsonrazo.com\/nutricion\/terminos-de-uso\/","title":{"rendered":"T\u00e9rminos de Uso"},"content":{"rendered":"\n<p>Bienvenido a nelsonrazo.com\/nutrici\u00f3n. Al utilizar este sitio web y sus servicios, aceptas estar sujeto a los siguientes T\u00e9rminos de Uso (\u201cT\u00e9rminos\u201d). L\u00e9elos detenidamente antes de utilizar este sitio web o contratar mis servicios.<\/p>\n\n\n\n<p>Lic. Nelson Razo (Ced. Prof. 13808512 ) es un profesional de la nutrici\u00f3n con sede en Tecate, Baja California, que brinda servicios de consulta, diagn\u00f3stico y asesor\u00eda nutricional. Aunque sus servicios tienen sede en Baja California, M\u00e9xico, ofrece servicios a nivel internacional v\u00eda remota (en l\u00ednea). Al acceder y utilizar este sitio web y sus servicios, usted reconoce y acepta lo siguiente:<\/p>\n\n\n\n<h3 class=\"wp-block-heading\">1. Servicios prestados<\/h3>\n\n\n\n<p>Nelson Razo proporciona informaci\u00f3n de nutrici\u00f3n, recursos y servicios de consulta. Este sitio web, <a href=\"www.nelsonrazo.com\/nutricion\">www.nelsonrazo.com\/nutricion<\/a>, incluye recursos informativos, acceso a su blog, chatbot de inteligencia artificial, as\u00ed como forma de contacto para nuestros servicios de consulta. Estos servicios de consulta implican trabajar con un nutri\u00f3logo para desarrollar un plan de tratamiento personalizado para sus necesidades nutricionales y de estilo de vida.<\/p>\n\n\n\n<h3 class=\"wp-block-heading\">2. Cumplimiento de las leyes<\/h3>\n\n\n\n<p>Nelsonrazo.com\/nutrici\u00f3n se compromete a proteger la privacidad y confidencialidad de la informaci\u00f3n personal y relacionada con la salud y nutrici\u00f3n de sus usuarios, de acuerdo a la Ley General de Protecci\u00f3n de Datos Personales en Posesi\u00f3n de Sujetos Obligados de los Estados Unidos Mexicanos, para garantizar la seguridad y protecci\u00f3n de los datos de sus usuarios. Al utilizar sus servicios, aceptas el <a href=\"https:\/\/nelsonrazo.com\/nutricion\/aviso-privacidad\/\" data-type=\"page\" data-id=\"36\">Aviso de Privacidad<\/a> de este sitio.<\/p>\n\n\n\n<h3 class=\"wp-block-heading\">3. Obligaciones del usuario<\/h3>\n\n\n\n<p>Al utilizar este sitio web y sus servicios, aceptas las siguientes obligaciones del usuario:<\/p>\n\n\n\n<ul class=\"wp-block-list\">\n<li>Proporcionar\u00e1s informaci\u00f3n precisa y completa al utilizar sus servicios.<\/li>\n\n\n\n<li>No utilizar\u00e1s este sitio web ni sus servicios para ning\u00fan prop\u00f3sito ilegal o no autorizado.<\/li>\n\n\n\n<li>No transmitir\u00e1s ning\u00fan c\u00f3digo o virus da\u00f1ino o malicioso a este sitio web o servicios.<\/li>\n\n\n\n<li>No utilizar\u00e1s estesitio web ni sus servicios de ninguna forma que pueda da\u00f1ar, deshabilitar, sobrecargar o deteriorar sus servidores o redes.<\/li>\n\n\n\n<li>No intentar\u00e1 obtener acceso no autorizado a ninguna parte de este sitio web o servicios.<\/li>\n<\/ul>\n\n\n\n<h3 class=\"wp-block-heading\">4. Limitaci\u00f3n de responsabilidad<\/h3>\n\n\n\n<p>Nelson Razo no es responsable de ning\u00fan da\u00f1o o p\u00e9rdida resultante del uso o la imposibilidad de utilizar este sitio web o sus servicios. Esto incluye da\u00f1os directos, indirectos, incidentales, punitivos y consecuentes. Nelson Razo no es responsable de ning\u00fan da\u00f1o o p\u00e9rdida resultante del uso o la imposibilidad de utilizar sitios web o servicios de terceros que est\u00e9n vinculados hacia o desde este sitio web.<\/p>\n\n\n\n<h3 class=\"wp-block-heading\">5. Propiedad intelectual<\/h3>\n\n\n\n<p>Todo el contenido y los materiales disponibles en <a href=\"www.nelsonrazo.com\/nutricion\">www.nelsonrazo.com\/nutricion<\/a> pueden estar protegidos por derechos de autor, marcas registradas y otras leyes de propiedad intelectual. No debe copiar, distribuir, modificar ni crear trabajos derivados de contenido y materiales de este sitio web sin el consentimiento expreso por escrito de su autor.<\/p>\n\n\n\n<h3 class=\"wp-block-heading\">6. Descargo de responsabilidad<\/h3>\n\n\n\n<p><strong>ESTE SITIO WEB NO PROPORCIONA CONSEJO M\u00c9DICO<\/strong><\/p>\n\n\n\n<p>La informaci\u00f3n, que incluye, entre otros, texto, gr\u00e1ficos, im\u00e1genes, la generada por el chatbot de inteligencia artificial y otro material contenido en este sitio web, tiene \u00fanicamente fines informativos y educativos.<\/p>\n\n\n\n<p>Adem\u00e1s de promover los servicios de consulta nutricional de Nelson Razo, el prop\u00f3sito de este sitio web es promover la comprensi\u00f3n y conocimiento de sus usuarios sobre diversos temas de salud y nutrici\u00f3n. No pretende ser un sustituto del asesoramiento, diagn\u00f3stico o tratamiento m\u00e9dico o nutricional profesional personalizado.<\/p>\n\n\n\n<p>Siempre busque el consejo de su m\u00e9dico, nutri\u00f3logo u otro proveedor de atenci\u00f3n en salud calificado ante cualquier pregunta que pueda tener sobre una afecci\u00f3n o tratamiento m\u00e9dico y antes de emprender un nuevo r\u00e9gimen de atenci\u00f3n m\u00e9dica o nutricia, y nunca ignore el consejo m\u00e9dico profesional ni demore en buscarlo debido a algo que pueda leer en este sitio web.<\/p>\n\n\n\n<p>La confianza en cualquier informaci\u00f3n que aparezca en este sitio web es \u00fanicamente bajo su propio riesgo.<\/p>\n\n\n\n<h3 class=\"wp-block-heading\">7. Ley aplicable<\/h3>\n\n\n\n<p>Estos T\u00e9rminos de Uso se regir\u00e1n e interpretar\u00e1n de acuerdo con las leyes de M\u00e9xico, sin dar efecto a sus conflictos de principios legales.<\/p>\n\n\n\n<h3 class=\"wp-block-heading\">8. Cambios en los T\u00e9rminos de Uso<\/h3>\n\n\n\n<p>Nelson Razo puede revisar y actualizar estos T\u00e9rminos de Uso de vez en cuando. Su uso continuado de este sitio web y servicios despu\u00e9s de cualquier cambio en los T\u00e9rminos de servicio constituir\u00e1 su aceptaci\u00f3n de los T\u00e9rminos actualizados.<\/p>\n","protected":false},"excerpt":{"rendered":"<p>Bienvenido a nelsonrazo.com\/nutrici\u00f3n. Al utilizar este sitio web y sus servicios, aceptas estar sujeto a los siguientes T\u00e9rminos de Uso (\u201cT\u00e9rminos\u201d). L\u00e9elos detenidamente antes de utilizar este sitio web o contratar mis servicios. Lic. Nelson Razo (Ced. Prof. 13808512 ) es un profesional de la nutrici\u00f3n con sede en Tecate, Baja California, que brinda servicios [&hellip;]<\/p>\n","protected":false},"author":1,"featured_media":0,"parent":0,"menu_order":0,"comment_status":"closed","ping_status":"closed","template":"","meta":{"_themeisle_gutenberg_block_has_review":false,"footnotes":""},"class_list":["post-63","page","type-page","status-publish","hentry"],"yoast_head":"<!-- This site is optimized with the Yoast SEO plugin v27.5 - https:\/\/yoast.com\/product\/yoast-seo-wordpress\/ -->\n<title>T\u00e9rminos de Uso - Nelson Razo | Nutri\u00f3logo<\/title>\n<meta name=\"robots\" content=\"index, follow, max-snippet:-1, max-image-preview:large, max-video-preview:-1\" \/>\n<link rel=\"canonical\" href=\"https:\/\/nelsonrazo.com\/nutricion\/terminos-de-uso\/\" \/>\n<meta property=\"og:locale\" content=\"es_ES\" \/>\n<meta property=\"og:type\" content=\"article\" \/>\n<meta property=\"og:title\" content=\"T\u00e9rminos de Uso - Nelson Razo | Nutri\u00f3logo\" \/>\n<meta property=\"og:description\" content=\"Bienvenido a nelsonrazo.com\/nutrici\u00f3n. Al utilizar este sitio web y sus servicios, aceptas estar sujeto a los siguientes T\u00e9rminos de Uso (\u201cT\u00e9rminos\u201d). L\u00e9elos detenidamente antes de utilizar este sitio web o contratar mis servicios. Lic. Nelson Razo (Ced. Prof. 13808512 ) es un profesional de la nutrici\u00f3n con sede en Tecate, Baja California, que brinda servicios [&hellip;]\" \/>\n<meta property=\"og:url\" content=\"https:\/\/nelsonrazo.com\/nutricion\/terminos-de-uso\/\" \/>\n<meta property=\"og:site_name\" content=\"Nelson Razo | Nutri\u00f3logo\" \/>\n<meta property=\"article:publisher\" content=\"https:\/\/www.facebook.com\/nelson.razo\" \/>\n<meta property=\"article:modified_time\" content=\"2024-04-27T19:53:20+00:00\" \/>\n<meta name=\"twitter:card\" content=\"summary_large_image\" \/>\n<meta name=\"twitter:site\" content=\"@nelsonrazoa\" \/>\n<meta name=\"twitter:label1\" content=\"Tiempo de lectura\" \/>\n\t<meta name=\"twitter:data1\" content=\"4 minutos\" \/>\n<script type=\"application\/ld+json\" class=\"yoast-schema-graph\">{\"@context\":\"https:\\\/\\\/schema.org\",\"@graph\":[{\"@type\":\"WebPage\",\"@id\":\"https:\\\/\\\/nelsonrazo.com\\\/nutricion\\\/terminos-de-uso\\\/\",\"url\":\"https:\\\/\\\/nelsonrazo.com\\\/nutricion\\\/terminos-de-uso\\\/\",\"name\":\"T\u00e9rminos de Uso - Nelson Razo | Nutri\u00f3logo\",\"isPartOf\":{\"@id\":\"https:\\\/\\\/nelsonrazo.com\\\/nutricion\\\/#website\"},\"datePublished\":\"2024-01-13T08:00:31+00:00\",\"dateModified\":\"2024-04-27T19:53:20+00:00\",\"breadcrumb\":{\"@id\":\"https:\\\/\\\/nelsonrazo.com\\\/nutricion\\\/terminos-de-uso\\\/#breadcrumb\"},\"inLanguage\":\"es\",\"potentialAction\":[{\"@type\":\"ReadAction\",\"target\":[\"https:\\\/\\\/nelsonrazo.com\\\/nutricion\\\/terminos-de-uso\\\/\"]}]},{\"@type\":\"BreadcrumbList\",\"@id\":\"https:\\\/\\\/nelsonrazo.com\\\/nutricion\\\/terminos-de-uso\\\/#breadcrumb\",\"itemListElement\":[{\"@type\":\"ListItem\",\"position\":1,\"name\":\"Portada\",\"item\":\"https:\\\/\\\/nelsonrazo.com\\\/nutricion\\\/\"},{\"@type\":\"ListItem\",\"position\":2,\"name\":\"T\u00e9rminos de Uso\"}]},{\"@type\":\"WebSite\",\"@id\":\"https:\\\/\\\/nelsonrazo.com\\\/nutricion\\\/#website\",\"url\":\"https:\\\/\\\/nelsonrazo.com\\\/nutricion\\\/\",\"name\":\"Nelson Razo | Nutrici\u00f3n\",\"description\":\"Nutri\u00f3logo experto en Salud Metab\u00f3lica en Tecate\",\"publisher\":{\"@id\":\"https:\\\/\\\/nelsonrazo.com\\\/nutricion\\\/#\\\/schema\\\/person\\\/f2a003e98f8f79c1dbbf148cc5f9aede\"},\"alternateName\":\"Nutri\u00f3logo Nelson Razo\",\"potentialAction\":[{\"@type\":\"SearchAction\",\"target\":{\"@type\":\"EntryPoint\",\"urlTemplate\":\"https:\\\/\\\/nelsonrazo.com\\\/nutricion\\\/?s={search_term_string}\"},\"query-input\":{\"@type\":\"PropertyValueSpecification\",\"valueRequired\":true,\"valueName\":\"search_term_string\"}}],\"inLanguage\":\"es\"},{\"@type\":[\"Person\",\"Organization\"],\"@id\":\"https:\\\/\\\/nelsonrazo.com\\\/nutricion\\\/#\\\/schema\\\/person\\\/f2a003e98f8f79c1dbbf148cc5f9aede\",\"name\":\"Nelson Razo\",\"image\":{\"@type\":\"ImageObject\",\"inLanguage\":\"es\",\"@id\":\"https:\\\/\\\/nelsonrazo.com\\\/nutricion\\\/wp-content\\\/uploads\\\/sites\\\/2\\\/2024\\\/01\\\/brn_favicon_logo.png\",\"url\":\"https:\\\/\\\/nelsonrazo.com\\\/nutricion\\\/wp-content\\\/uploads\\\/sites\\\/2\\\/2024\\\/01\\\/brn_favicon_logo.png\",\"contentUrl\":\"https:\\\/\\\/nelsonrazo.com\\\/nutricion\\\/wp-content\\\/uploads\\\/sites\\\/2\\\/2024\\\/01\\\/brn_favicon_logo.png\",\"width\":902,\"height\":901,\"caption\":\"Nelson Razo\"},\"logo\":{\"@id\":\"https:\\\/\\\/nelsonrazo.com\\\/nutricion\\\/wp-content\\\/uploads\\\/sites\\\/2\\\/2024\\\/01\\\/brn_favicon_logo.png\"},\"description\":\"Nutri\u00f3logo enfocado en Salud Metab\u00f3lica y Nutrici\u00f3n Cl\u00ednica. Divulgador de la evidencia en salud y nutrici\u00f3n para la promoci\u00f3n de la salud p\u00fablica. Experto en branding y marketing digital que disfruta del running, la lectura y la investigaci\u00f3n.\",\"sameAs\":[\"https:\\\/\\\/nelsonrazo.com\",\"https:\\\/\\\/www.facebook.com\\\/nelson.razo\",\"https:\\\/\\\/www.instagram.com\\\/nelsonrazo\\\/\",\"https:\\\/\\\/mx.linkedin.com\\\/in\\\/nelsonrazo\",\"https:\\\/\\\/x.com\\\/nelsonrazoa\"]}]}<\/script>\n<!-- \/ Yoast SEO plugin. -->","yoast_head_json":{"title":"T\u00e9rminos de Uso - Nelson Razo | Nutri\u00f3logo","robots":{"index":"index","follow":"follow","max-snippet":"max-snippet:-1","max-image-preview":"max-image-preview:large","max-video-preview":"max-video-preview:-1"},"canonical":"https:\/\/nelsonrazo.com\/nutricion\/terminos-de-uso\/","og_locale":"es_ES","og_type":"article","og_title":"T\u00e9rminos de Uso - Nelson Razo | Nutri\u00f3logo","og_description":"Bienvenido a nelsonrazo.com\/nutrici\u00f3n. Al utilizar este sitio web y sus servicios, aceptas estar sujeto a los siguientes T\u00e9rminos de Uso (\u201cT\u00e9rminos\u201d). L\u00e9elos detenidamente antes de utilizar este sitio web o contratar mis servicios. Lic. Nelson Razo (Ced. Prof. 13808512 ) es un profesional de la nutrici\u00f3n con sede en Tecate, Baja California, que brinda servicios [&hellip;]","og_url":"https:\/\/nelsonrazo.com\/nutricion\/terminos-de-uso\/","og_site_name":"Nelson Razo | Nutri\u00f3logo","article_publisher":"https:\/\/www.facebook.com\/nelson.razo","article_modified_time":"2024-04-27T19:53:20+00:00","twitter_card":"summary_large_image","twitter_site":"@nelsonrazoa","twitter_misc":{"Tiempo de lectura":"4 minutos"},"schema":{"@context":"https:\/\/schema.org","@graph":[{"@type":"WebPage","@id":"https:\/\/nelsonrazo.com\/nutricion\/terminos-de-uso\/","url":"https:\/\/nelsonrazo.com\/nutricion\/terminos-de-uso\/","name":"T\u00e9rminos de Uso - Nelson Razo | Nutri\u00f3logo","isPartOf":{"@id":"https:\/\/nelsonrazo.com\/nutricion\/#website"},"datePublished":"2024-01-13T08:00:31+00:00","dateModified":"2024-04-27T19:53:20+00:00","breadcrumb":{"@id":"https:\/\/nelsonrazo.com\/nutricion\/terminos-de-uso\/#breadcrumb"},"inLanguage":"es","potentialAction":[{"@type":"ReadAction","target":["https:\/\/nelsonrazo.com\/nutricion\/terminos-de-uso\/"]}]},{"@type":"BreadcrumbList","@id":"https:\/\/nelsonrazo.com\/nutricion\/terminos-de-uso\/#breadcrumb","itemListElement":[{"@type":"ListItem","position":1,"name":"Portada","item":"https:\/\/nelsonrazo.com\/nutricion\/"},{"@type":"ListItem","position":2,"name":"T\u00e9rminos de Uso"}]},{"@type":"WebSite","@id":"https:\/\/nelsonrazo.com\/nutricion\/#website","url":"https:\/\/nelsonrazo.com\/nutricion\/","name":"Nelson Razo | Nutrici\u00f3n","description":"Nutri\u00f3logo experto en Salud Metab\u00f3lica en Tecate","publisher":{"@id":"https:\/\/nelsonrazo.com\/nutricion\/#\/schema\/person\/f2a003e98f8f79c1dbbf148cc5f9aede"},"alternateName":"Nutri\u00f3logo Nelson Razo","potentialAction":[{"@type":"SearchAction","target":{"@type":"EntryPoint","urlTemplate":"https:\/\/nelsonrazo.com\/nutricion\/?s={search_term_string}"},"query-input":{"@type":"PropertyValueSpecification","valueRequired":true,"valueName":"search_term_string"}}],"inLanguage":"es"},{"@type":["Person","Organization"],"@id":"https:\/\/nelsonrazo.com\/nutricion\/#\/schema\/person\/f2a003e98f8f79c1dbbf148cc5f9aede","name":"Nelson Razo","image":{"@type":"ImageObject","inLanguage":"es","@id":"https:\/\/nelsonrazo.com\/nutricion\/wp-content\/uploads\/sites\/2\/2024\/01\/brn_favicon_logo.png","url":"https:\/\/nelsonrazo.com\/nutricion\/wp-content\/uploads\/sites\/2\/2024\/01\/brn_favicon_logo.png","contentUrl":"https:\/\/nelsonrazo.com\/nutricion\/wp-content\/uploads\/sites\/2\/2024\/01\/brn_favicon_logo.png","width":902,"height":901,"caption":"Nelson Razo"},"logo":{"@id":"https:\/\/nelsonrazo.com\/nutricion\/wp-content\/uploads\/sites\/2\/2024\/01\/brn_favicon_logo.png"},"description":"Nutri\u00f3logo enfocado en Salud Metab\u00f3lica y Nutrici\u00f3n Cl\u00ednica. Divulgador de la evidencia en salud y nutrici\u00f3n para la promoci\u00f3n de la salud p\u00fablica. Experto en branding y marketing digital que disfruta del running, la lectura y la investigaci\u00f3n.","sameAs":["https:\/\/nelsonrazo.com","https:\/\/www.facebook.com\/nelson.razo","https:\/\/www.instagram.com\/nelsonrazo\/","https:\/\/mx.linkedin.com\/in\/nelsonrazo","https:\/\/x.com\/nelsonrazoa"]}]}},"jetpack_shortlink":"https:\/\/wp.me\/PfrB9s-11","jetpack_sharing_enabled":true,"_links":{"self":[{"href":"https:\/\/nelsonrazo.com\/nutricion\/wp-json\/wp\/v2\/pages\/63","targetHints":{"allow":["GET"]}}],"collection":[{"href":"https:\/\/nelsonrazo.com\/nutricion\/wp-json\/wp\/v2\/pages"}],"about":[{"href":"https:\/\/nelsonrazo.com\/nutricion\/wp-json\/wp\/v2\/types\/page"}],"author":[{"embeddable":true,"href":"https:\/\/nelsonrazo.com\/nutricion\/wp-json\/wp\/v2\/users\/1"}],"replies":[{"embeddable":true,"href":"https:\/\/nelsonrazo.com\/nutricion\/wp-json\/wp\/v2\/comments?post=63"}],"version-history":[{"count":2,"href":"https:\/\/nelsonrazo.com\/nutricion\/wp-json\/wp\/v2\/pages\/63\/revisions"}],"predecessor-version":[{"id":226,"href":"https:\/\/nelsonrazo.com\/nutricion\/wp-json\/wp\/v2\/pages\/63\/revisions\/226"}],"wp:attachment":[{"href":"https:\/\/nelsonrazo.com\/nutricion\/wp-json\/wp\/v2\/media?parent=63"}],"curies":[{"name":"wp","href":"https:\/\/api.w.org\/{rel}","templated":true}]}}