{"id":233,"date":"2024-05-01T05:13:25","date_gmt":"2024-05-01T03:13:25","guid":{"rendered":"https:\/\/nelsonrazo.com\/nutricion\/?page_id=233"},"modified":"2025-05-11T21:12:33","modified_gmt":"2025-05-11T19:12:33","slug":"agenda-tu-consulta","status":"publish","type":"page","link":"https:\/\/nelsonrazo.com\/nutricion\/agenda-tu-consulta\/","title":{"rendered":"Agenda tu consulta"},"content":{"rendered":"\n<p>Si est\u00e1s list@ para agendar una consulta, llena la siguiente forma y despu\u00e9s de mandarla podr\u00e1s pagarla de manera segura v\u00eda <strong>Clip Pago<\/strong> a la cuenta de <strong>RevitaMet<\/strong> mediante tarjeta de cr\u00e9dito, d\u00e9bito o en efectivo en tiendas de autoservicio. <strong>IMPORTANTE: Aseg\u00farate que el correo electr\u00f3nico ingresado sea el mismo en este formulario y en el formulario de Clip pago.<\/strong><\/p>\n\n\n\n<div id=\"wp-block-themeisle-blocks-form-6b7892aa\" class=\"wp-block-themeisle-blocks-form has-captcha\" data-option-name=\"8bce50cccc22567dbcc23c5f9196ec943f9b7ecf_6b7892aa\"><form class=\"otter-form__container\">\n<div id=\"wp-block-themeisle-blocks-form-input-9db85ccc\" class=\"wp-block-themeisle-blocks-form-input\"><label for=\"wp-block-themeisle-blocks-form-input-9db85ccc-input\" class=\"otter-form-input-label\"><span class=\"otter-form-input-label__label\">Nombre completo<\/span><span class=\"required\">*<\/span><\/label><input type=\"text\" id=\"wp-block-themeisle-blocks-form-input-9db85ccc-input\" required class=\"otter-form-input\"\/><\/div>\n\n\n\n<div class=\"wp-block-columns is-layout-flex wp-container-core-columns-is-layout-28f84493 wp-block-columns-is-layout-flex\">\n<div class=\"wp-block-column is-layout-flow wp-block-column-is-layout-flow\" style=\"flex-basis:66.66%\">\n<div id=\"wp-block-themeisle-blocks-form-input-902f2fbe\" class=\"wp-block-themeisle-blocks-form-input\"><label for=\"wp-block-themeisle-blocks-form-input-902f2fbe-input\" class=\"otter-form-input-label\"><span class=\"otter-form-input-label__label\">Tel\u00e9fono<\/span><span class=\"required\">*<\/span><\/label><input type=\"number\" id=\"wp-block-themeisle-blocks-form-input-902f2fbe-input\" required class=\"otter-form-input\"\/><span class=\"o-form-help\">Tel\u00e9fono de 10 d\u00edgitos<\/span><\/div>\n<\/div>\n\n\n\n<div class=\"wp-block-column is-layout-flow wp-block-column-is-layout-flow\" style=\"flex-basis:33.33%\">\n<div id=\"wp-block-themeisle-blocks-form-input-34c3d511\" class=\"wp-block-themeisle-blocks-form-input\"><label for=\"wp-block-themeisle-blocks-form-input-34c3d511-input\" class=\"otter-form-input-label\"><span class=\"otter-form-input-label__label\">Edad (A\u00f1os)<\/span><span class=\"required\">*<\/span><\/label><input type=\"number\" id=\"wp-block-themeisle-blocks-form-input-34c3d511-input\" required class=\"otter-form-input\"\/><\/div>\n<\/div>\n<\/div>\n\n\n\n<div id=\"wp-block-themeisle-blocks-form-input-2ebe539b\" class=\"wp-block-themeisle-blocks-form-input  is-style-o-c-two-thirds\"><label for=\"wp-block-themeisle-blocks-form-input-2ebe539b-input\" class=\"otter-form-input-label\"><span class=\"otter-form-input-label__label\">Correo electr\u00f3nico<\/span><span class=\"required\">*<\/span><\/label><input type=\"email\" id=\"wp-block-themeisle-blocks-form-input-2ebe539b-input\" required class=\"otter-form-input\"\/><\/div>\n\n\n\n<div class=\"wp-block-columns is-layout-flex wp-container-core-columns-is-layout-28f84493 wp-block-columns-is-layout-flex\">\n<div class=\"wp-block-column is-layout-flow wp-block-column-is-layout-flow\"><div class=\"wp-block-themeisle-blocks-form-multiple-choice\" id=\"wp-block-themeisle-blocks-form-input-1cb20484\"><label class=\"otter-form-input-label\" for=\"wp-block-themeisle-blocks-form-input-1cb20484\" >Tipo de consulta<span class=\"required\">*<\/span><\/label><select id=\"wp-block-themeisle-blocks-form-input-1cb20484\"  required  name=\"wp-block-themeisle-blocks-form-input-1cb20484\"><option value=\"presencial\">Presencial<\/option><option value=\"en-linea\">En linea<\/option><\/select><span class=\"o-form-help\"><\/span><\/div><\/div>\n\n\n\n<div class=\"wp-block-column is-layout-flow wp-block-column-is-layout-flow\"><div class=\"wp-block-themeisle-blocks-form-multiple-choice\" id=\"wp-block-themeisle-blocks-form-input-ea296fc3\"><label class=\"otter-form-input-label\" for=\"wp-block-themeisle-blocks-form-input-ea296fc3\" >D\u00eda de la semana preferido<span class=\"required\">*<\/span><\/label><select id=\"wp-block-themeisle-blocks-form-input-ea296fc3\"  required  name=\"wp-block-themeisle-blocks-form-input-ea296fc3\"><option value=\"lunes\">Lunes<\/option><option value=\"martes\">Martes<\/option><option value=\"miercoles\">Mi\u00e9rcoles<\/option><option value=\"jueves\">Jueves<\/option><option value=\"viernes\">Viernes<\/option><\/select><span class=\"o-form-help\"><\/span><\/div><\/div>\n\n\n\n<div class=\"wp-block-column is-layout-flow wp-block-column-is-layout-flow\"><div class=\"wp-block-themeisle-blocks-form-multiple-choice\" id=\"wp-block-themeisle-blocks-form-multiple-choice-a8eee264\"><label class=\"otter-form-input-label\" for=\"wp-block-themeisle-blocks-form-multiple-choice-a8eee264\" >Horario preferido<span class=\"required\">*<\/span><\/label><select id=\"wp-block-themeisle-blocks-form-multiple-choice-a8eee264\"  required  name=\"wp-block-themeisle-blocks-form-multiple-choice-a8eee264\"><option value=\"1500\">15:00<\/option><option value=\"1600\">16:00<\/option><option value=\"1700\">17:00<\/option><option value=\"1800\">18:00<\/option><option value=\"1900\">19:00<\/option><\/select><span class=\"o-form-help\"><\/span><\/div><\/div>\n<\/div>\n\n\n<div class=\"protection\" aria-hidden=\"true\"><input type=\"hidden\" id=\"wp-block-themeisle-blocks-form-6b7892aa_nonce_field\" name=\"wp-block-themeisle-blocks-form-6b7892aa_nonce_field\" value=\"2df5c3f523\" \/><input type=\"hidden\" name=\"_wp_http_referer\" value=\"\/nutricion\/wp-json\/wp\/v2\/pages\/233\" \/><input class=\"o-anti-bot\" type=\"checkbox\"><\/div>\n\n\n<div class=\"wp-block-columns is-layout-flex wp-container-core-columns-is-layout-28f84493 wp-block-columns-is-layout-flex\">\n<div class=\"wp-block-column is-layout-flow wp-block-column-is-layout-flow\"><div class=\"wp-block-themeisle-blocks-form-multiple-choice\" id=\"wp-block-themeisle-blocks-form-input-c6e27dcf\"><label class=\"otter-form-input-label\" for=\"wp-block-themeisle-blocks-form-input-c6e27dcf\" >Motivo de la consulta<span class=\"required\">*<\/span><\/label><select id=\"wp-block-themeisle-blocks-form-input-c6e27dcf\"  required  name=\"wp-block-themeisle-blocks-form-input-c6e27dcf\"><option value=\"perdida-de-peso\">P\u00e9rdida de peso<\/option><option value=\"nutricion-clinica\">Nutrici\u00f3n cl\u00ednica<\/option><option value=\"tratamiento-de-condiciones-cronicas\">Tratamiento de condiciones cr\u00f3nicas<\/option><option value=\"cambio-de-habitos\">Cambio de h\u00e1bitos<\/option><option value=\"optimizacion-metabolica\">Optimizaci\u00f3n metab\u00f3lica<\/option><option value=\"actividad-fisica-o-deporte\">Actividad f\u00edsica o deporte<\/option><option value=\"evaluacion-nutricional\">Evaluaci\u00f3n nutricional<\/option><option value=\"seguimiento-de-plan\">Seguimiento de plan<\/option><option value=\"otro\">Otro<\/option><\/select><span class=\"o-form-help\"><\/span><\/div><\/div>\n\n\n\n<div class=\"wp-block-column is-layout-flow wp-block-column-is-layout-flow\"><div class=\"wp-block-themeisle-blocks-form-multiple-choice\" id=\"wp-block-themeisle-blocks-form-input-e0af8556\"><label class=\"otter-form-input-label\" for=\"wp-block-themeisle-blocks-form-input-e0af8556\" >Enfermedad o condici\u00f3n diagnosticada<span class=\"required\">*<\/span><\/label><select id=\"wp-block-themeisle-blocks-form-input-e0af8556\"  multiple  required  name=\"wp-block-themeisle-blocks-form-input-e0af8556\"><option value=\"ninguna\">Ninguna<\/option><option value=\"diabetes-prediabetes\">Diabetes\/Prediabetes<\/option><option value=\"hipertension\">Hipertensi\u00f3n<\/option><option value=\"obesidad\">Obesidad<\/option><option value=\"sindrome-metabolico\">S\u00edndrome Metab\u00f3lico<\/option><option value=\"higado-graso\">H\u00edgado Graso<\/option><option value=\"enfermedad-cardiovascular\">Enfermedad Cardiovascular<\/option><option value=\"depresion-ansiedad\">Depresi\u00f3n\/Ansiedad<\/option><option value=\"ovario-poliquistico\">Ovario Poliqu\u00edstico<\/option><option value=\"hipo-hipertiroidismo\">Hipo\/Hipertiroidismo<\/option><option value=\"condicion-autoinmune\">Condici\u00f3n Autoinmune<\/option><option value=\"trastorno-alimenticio\">Trastorno alimenticio<\/option><option value=\"desnutricion\">Desnutrici\u00f3n<\/option><option value=\"cancer\">C\u00e1ncer<\/option><option value=\"otra\">Otra<\/option><\/select><span class=\"o-form-help\"><\/span><\/div><\/div>\n<\/div>\n\n\n\n<div id=\"wp-block-themeisle-blocks-form-textarea-03531c2d\" class=\"wp-block-themeisle-blocks-form-textarea\"><label for=\"wp-block-themeisle-blocks-form-textarea-03531c2d-input\" class=\"otter-form-textarea-label\"><span class=\"otter-form-textarea-label__label\">Informaci\u00f3n adicional<\/span><\/label><textarea id=\"wp-block-themeisle-blocks-form-textarea-03531c2d-input\" rows=\"10\" class=\"otter-form-textarea-input\"><\/textarea><\/div>\n\n\n\n<p>Me pondr\u00e9 en contacto contigo dentro de las las 24 horas posteriores al registro de pago para proporcionarte el el d\u00eda y hora de la consulta. Ser\u00e1s redireccionad@ al sistema de <strong>Clip Pago<\/strong> despu\u00e9s de presionar <strong>Enviar<\/strong>.<\/p>\n\n\n\n<p style=\"font-size:13px\">Al mandar esta forma aceptas nuestros <a href=\"https:\/\/nelsonrazo.com\/nutricion\/terminos-de-uso\/\">t\u00e9rminos de uso<\/a> y el <a href=\"https:\/\/nelsonrazo.com\/nutricion\/aviso-privacidad\/\">aviso de privacidad<\/a>.<\/p>\n<div class=\"wp-block-button\"><button class=\"wp-block-button__link\" type=\"submit\">Enviar<\/button><\/div><\/form><\/div>\n\n\n\n<p><\/p>\n","protected":false},"excerpt":{"rendered":"<p>Si est\u00e1s list@ para agendar una consulta, llena la siguiente forma y despu\u00e9s de mandarla podr\u00e1s pagarla de manera segura v\u00eda Clip Pago a la cuenta de RevitaMet mediante tarjeta de cr\u00e9dito, d\u00e9bito o en efectivo en tiendas de autoservicio. IMPORTANTE: Aseg\u00farate que el correo electr\u00f3nico ingresado sea el mismo en este formulario y en [&hellip;]<\/p>\n","protected":false},"author":1,"featured_media":0,"parent":0,"menu_order":0,"comment_status":"closed","ping_status":"closed","template":"","meta":{"_themeisle_gutenberg_block_has_review":false,"footnotes":""},"class_list":["post-233","page","type-page","status-publish","hentry"],"yoast_head":"<!-- This site is optimized with the Yoast SEO plugin v27.5 - https:\/\/yoast.com\/product\/yoast-seo-wordpress\/ -->\n<title>Agenda tu consulta - Nelson Razo | Nutri\u00f3logo<\/title>\n<meta name=\"robots\" content=\"index, follow, max-snippet:-1, max-image-preview:large, max-video-preview:-1\" \/>\n<link rel=\"canonical\" href=\"https:\/\/nelsonrazo.com\/nutricion\/agenda-tu-consulta\/\" \/>\n<meta property=\"og:locale\" content=\"es_ES\" \/>\n<meta property=\"og:type\" content=\"article\" \/>\n<meta property=\"og:title\" content=\"Agenda tu consulta - Nelson Razo | Nutri\u00f3logo\" \/>\n<meta property=\"og:description\" content=\"Si est\u00e1s list@ para agendar una consulta, llena la siguiente forma y despu\u00e9s de mandarla podr\u00e1s pagarla de manera segura v\u00eda Clip Pago a la cuenta de RevitaMet mediante tarjeta de cr\u00e9dito, d\u00e9bito o en efectivo en tiendas de autoservicio. IMPORTANTE: Aseg\u00farate que el correo electr\u00f3nico ingresado sea el mismo en este formulario y en [&hellip;]\" \/>\n<meta property=\"og:url\" content=\"https:\/\/nelsonrazo.com\/nutricion\/agenda-tu-consulta\/\" \/>\n<meta property=\"og:site_name\" content=\"Nelson Razo | Nutri\u00f3logo\" \/>\n<meta property=\"article:publisher\" content=\"https:\/\/www.facebook.com\/nelson.razo\" \/>\n<meta property=\"article:modified_time\" content=\"2025-05-11T19:12:33+00:00\" \/>\n<meta name=\"twitter:card\" content=\"summary_large_image\" \/>\n<meta name=\"twitter:site\" content=\"@nelsonrazoa\" \/>\n<meta name=\"twitter:label1\" content=\"Tiempo de lectura\" \/>\n\t<meta name=\"twitter:data1\" content=\"1 minuto\" \/>\n<script type=\"application\/ld+json\" class=\"yoast-schema-graph\">{\"@context\":\"https:\\\/\\\/schema.org\",\"@graph\":[{\"@type\":\"WebPage\",\"@id\":\"https:\\\/\\\/nelsonrazo.com\\\/nutricion\\\/agenda-tu-consulta\\\/\",\"url\":\"https:\\\/\\\/nelsonrazo.com\\\/nutricion\\\/agenda-tu-consulta\\\/\",\"name\":\"Agenda tu consulta - Nelson Razo | Nutri\u00f3logo\",\"isPartOf\":{\"@id\":\"https:\\\/\\\/nelsonrazo.com\\\/nutricion\\\/#website\"},\"datePublished\":\"2024-05-01T03:13:25+00:00\",\"dateModified\":\"2025-05-11T19:12:33+00:00\",\"breadcrumb\":{\"@id\":\"https:\\\/\\\/nelsonrazo.com\\\/nutricion\\\/agenda-tu-consulta\\\/#breadcrumb\"},\"inLanguage\":\"es\",\"potentialAction\":[{\"@type\":\"ReadAction\",\"target\":[\"https:\\\/\\\/nelsonrazo.com\\\/nutricion\\\/agenda-tu-consulta\\\/\"]}]},{\"@type\":\"BreadcrumbList\",\"@id\":\"https:\\\/\\\/nelsonrazo.com\\\/nutricion\\\/agenda-tu-consulta\\\/#breadcrumb\",\"itemListElement\":[{\"@type\":\"ListItem\",\"position\":1,\"name\":\"Portada\",\"item\":\"https:\\\/\\\/nelsonrazo.com\\\/nutricion\\\/\"},{\"@type\":\"ListItem\",\"position\":2,\"name\":\"Agenda tu consulta\"}]},{\"@type\":\"WebSite\",\"@id\":\"https:\\\/\\\/nelsonrazo.com\\\/nutricion\\\/#website\",\"url\":\"https:\\\/\\\/nelsonrazo.com\\\/nutricion\\\/\",\"name\":\"Nelson Razo | Nutrici\u00f3n\",\"description\":\"Nutri\u00f3logo experto en Salud Metab\u00f3lica en Tecate\",\"publisher\":{\"@id\":\"https:\\\/\\\/nelsonrazo.com\\\/nutricion\\\/#\\\/schema\\\/person\\\/f2a003e98f8f79c1dbbf148cc5f9aede\"},\"alternateName\":\"Nutri\u00f3logo Nelson Razo\",\"potentialAction\":[{\"@type\":\"SearchAction\",\"target\":{\"@type\":\"EntryPoint\",\"urlTemplate\":\"https:\\\/\\\/nelsonrazo.com\\\/nutricion\\\/?s={search_term_string}\"},\"query-input\":{\"@type\":\"PropertyValueSpecification\",\"valueRequired\":true,\"valueName\":\"search_term_string\"}}],\"inLanguage\":\"es\"},{\"@type\":[\"Person\",\"Organization\"],\"@id\":\"https:\\\/\\\/nelsonrazo.com\\\/nutricion\\\/#\\\/schema\\\/person\\\/f2a003e98f8f79c1dbbf148cc5f9aede\",\"name\":\"Nelson Razo\",\"image\":{\"@type\":\"ImageObject\",\"inLanguage\":\"es\",\"@id\":\"https:\\\/\\\/nelsonrazo.com\\\/nutricion\\\/wp-content\\\/uploads\\\/sites\\\/2\\\/2024\\\/01\\\/brn_favicon_logo.png\",\"url\":\"https:\\\/\\\/nelsonrazo.com\\\/nutricion\\\/wp-content\\\/uploads\\\/sites\\\/2\\\/2024\\\/01\\\/brn_favicon_logo.png\",\"contentUrl\":\"https:\\\/\\\/nelsonrazo.com\\\/nutricion\\\/wp-content\\\/uploads\\\/sites\\\/2\\\/2024\\\/01\\\/brn_favicon_logo.png\",\"width\":902,\"height\":901,\"caption\":\"Nelson Razo\"},\"logo\":{\"@id\":\"https:\\\/\\\/nelsonrazo.com\\\/nutricion\\\/wp-content\\\/uploads\\\/sites\\\/2\\\/2024\\\/01\\\/brn_favicon_logo.png\"},\"description\":\"Nutri\u00f3logo enfocado en Salud Metab\u00f3lica y Nutrici\u00f3n Cl\u00ednica. Divulgador de la evidencia en salud y nutrici\u00f3n para la promoci\u00f3n de la salud p\u00fablica. Experto en branding y marketing digital que disfruta del running, la lectura y la investigaci\u00f3n.\",\"sameAs\":[\"https:\\\/\\\/nelsonrazo.com\",\"https:\\\/\\\/www.facebook.com\\\/nelson.razo\",\"https:\\\/\\\/www.instagram.com\\\/nelsonrazo\\\/\",\"https:\\\/\\\/mx.linkedin.com\\\/in\\\/nelsonrazo\",\"https:\\\/\\\/x.com\\\/nelsonrazoa\"]}]}<\/script>\n<!-- \/ Yoast SEO plugin. -->","yoast_head_json":{"title":"Agenda tu consulta - Nelson Razo | Nutri\u00f3logo","robots":{"index":"index","follow":"follow","max-snippet":"max-snippet:-1","max-image-preview":"max-image-preview:large","max-video-preview":"max-video-preview:-1"},"canonical":"https:\/\/nelsonrazo.com\/nutricion\/agenda-tu-consulta\/","og_locale":"es_ES","og_type":"article","og_title":"Agenda tu consulta - Nelson Razo | Nutri\u00f3logo","og_description":"Si est\u00e1s list@ para agendar una consulta, llena la siguiente forma y despu\u00e9s de mandarla podr\u00e1s pagarla de manera segura v\u00eda Clip Pago a la cuenta de RevitaMet mediante tarjeta de cr\u00e9dito, d\u00e9bito o en efectivo en tiendas de autoservicio. IMPORTANTE: Aseg\u00farate que el correo electr\u00f3nico ingresado sea el mismo en este formulario y en [&hellip;]","og_url":"https:\/\/nelsonrazo.com\/nutricion\/agenda-tu-consulta\/","og_site_name":"Nelson Razo | Nutri\u00f3logo","article_publisher":"https:\/\/www.facebook.com\/nelson.razo","article_modified_time":"2025-05-11T19:12:33+00:00","twitter_card":"summary_large_image","twitter_site":"@nelsonrazoa","twitter_misc":{"Tiempo de lectura":"1 minuto"},"schema":{"@context":"https:\/\/schema.org","@graph":[{"@type":"WebPage","@id":"https:\/\/nelsonrazo.com\/nutricion\/agenda-tu-consulta\/","url":"https:\/\/nelsonrazo.com\/nutricion\/agenda-tu-consulta\/","name":"Agenda tu consulta - Nelson Razo | Nutri\u00f3logo","isPartOf":{"@id":"https:\/\/nelsonrazo.com\/nutricion\/#website"},"datePublished":"2024-05-01T03:13:25+00:00","dateModified":"2025-05-11T19:12:33+00:00","breadcrumb":{"@id":"https:\/\/nelsonrazo.com\/nutricion\/agenda-tu-consulta\/#breadcrumb"},"inLanguage":"es","potentialAction":[{"@type":"ReadAction","target":["https:\/\/nelsonrazo.com\/nutricion\/agenda-tu-consulta\/"]}]},{"@type":"BreadcrumbList","@id":"https:\/\/nelsonrazo.com\/nutricion\/agenda-tu-consulta\/#breadcrumb","itemListElement":[{"@type":"ListItem","position":1,"name":"Portada","item":"https:\/\/nelsonrazo.com\/nutricion\/"},{"@type":"ListItem","position":2,"name":"Agenda tu consulta"}]},{"@type":"WebSite","@id":"https:\/\/nelsonrazo.com\/nutricion\/#website","url":"https:\/\/nelsonrazo.com\/nutricion\/","name":"Nelson Razo | Nutrici\u00f3n","description":"Nutri\u00f3logo experto en Salud Metab\u00f3lica en Tecate","publisher":{"@id":"https:\/\/nelsonrazo.com\/nutricion\/#\/schema\/person\/f2a003e98f8f79c1dbbf148cc5f9aede"},"alternateName":"Nutri\u00f3logo Nelson Razo","potentialAction":[{"@type":"SearchAction","target":{"@type":"EntryPoint","urlTemplate":"https:\/\/nelsonrazo.com\/nutricion\/?s={search_term_string}"},"query-input":{"@type":"PropertyValueSpecification","valueRequired":true,"valueName":"search_term_string"}}],"inLanguage":"es"},{"@type":["Person","Organization"],"@id":"https:\/\/nelsonrazo.com\/nutricion\/#\/schema\/person\/f2a003e98f8f79c1dbbf148cc5f9aede","name":"Nelson Razo","image":{"@type":"ImageObject","inLanguage":"es","@id":"https:\/\/nelsonrazo.com\/nutricion\/wp-content\/uploads\/sites\/2\/2024\/01\/brn_favicon_logo.png","url":"https:\/\/nelsonrazo.com\/nutricion\/wp-content\/uploads\/sites\/2\/2024\/01\/brn_favicon_logo.png","contentUrl":"https:\/\/nelsonrazo.com\/nutricion\/wp-content\/uploads\/sites\/2\/2024\/01\/brn_favicon_logo.png","width":902,"height":901,"caption":"Nelson Razo"},"logo":{"@id":"https:\/\/nelsonrazo.com\/nutricion\/wp-content\/uploads\/sites\/2\/2024\/01\/brn_favicon_logo.png"},"description":"Nutri\u00f3logo enfocado en Salud Metab\u00f3lica y Nutrici\u00f3n Cl\u00ednica. Divulgador de la evidencia en salud y nutrici\u00f3n para la promoci\u00f3n de la salud p\u00fablica. Experto en branding y marketing digital que disfruta del running, la lectura y la investigaci\u00f3n.","sameAs":["https:\/\/nelsonrazo.com","https:\/\/www.facebook.com\/nelson.razo","https:\/\/www.instagram.com\/nelsonrazo\/","https:\/\/mx.linkedin.com\/in\/nelsonrazo","https:\/\/x.com\/nelsonrazoa"]}]}},"jetpack_shortlink":"https:\/\/wp.me\/PfrB9s-3L","jetpack_sharing_enabled":true,"_links":{"self":[{"href":"https:\/\/nelsonrazo.com\/nutricion\/wp-json\/wp\/v2\/pages\/233","targetHints":{"allow":["GET"]}}],"collection":[{"href":"https:\/\/nelsonrazo.com\/nutricion\/wp-json\/wp\/v2\/pages"}],"about":[{"href":"https:\/\/nelsonrazo.com\/nutricion\/wp-json\/wp\/v2\/types\/page"}],"author":[{"embeddable":true,"href":"https:\/\/nelsonrazo.com\/nutricion\/wp-json\/wp\/v2\/users\/1"}],"replies":[{"embeddable":true,"href":"https:\/\/nelsonrazo.com\/nutricion\/wp-json\/wp\/v2\/comments?post=233"}],"version-history":[{"count":8,"href":"https:\/\/nelsonrazo.com\/nutricion\/wp-json\/wp\/v2\/pages\/233\/revisions"}],"predecessor-version":[{"id":516,"href":"https:\/\/nelsonrazo.com\/nutricion\/wp-json\/wp\/v2\/pages\/233\/revisions\/516"}],"wp:attachment":[{"href":"https:\/\/nelsonrazo.com\/nutricion\/wp-json\/wp\/v2\/media?parent=233"}],"curies":[{"name":"wp","href":"https:\/\/api.w.org\/{rel}","templated":true}]}}